{"id":20,"date":"2022-05-02T20:54:26","date_gmt":"2022-05-02T20:54:26","guid":{"rendered":"http:\/\/mariannemiravetsorribes.dk\/?page_id=20"},"modified":"2024-03-11T15:06:38","modified_gmt":"2024-03-11T15:06:38","slug":"velkommen","status":"publish","type":"page","link":"https:\/\/mariannemiravetsorribes.dk\/","title":{"rendered":"Velkommen"},"content":{"rendered":"<p>[et_pb_section fb_built=&#8221;1&#8243; _builder_version=&#8221;4.9.2&#8243; _module_preset=&#8221;default&#8221; custom_padding=&#8221;||17px|||&#8221;][et_pb_row column_structure=&#8221;2_5,3_5&#8243; _builder_version=&#8221;4.9.2&#8243; _module_preset=&#8221;default&#8221; hover_enabled=&#8221;0&#8243; sticky_enabled=&#8221;0&#8243;][et_pb_column type=&#8221;2_5&#8243; _builder_version=&#8221;4.9.2&#8243; _module_preset=&#8221;default&#8221;][et_pb_text _builder_version=&#8221;4.9.2&#8243; _module_preset=&#8221;default&#8221; text_font=&#8221;Macondo Swash Caps|700|||||||&#8221; text_text_color=&#8221;#E09900&#8243; text_font_size=&#8221;40px&#8221; text_line_height=&#8221;1.2em&#8221;]<\/p>\n<p>Velkommen<\/p>\n<p>[\/et_pb_text][et_pb_text _builder_version=&#8221;4.9.2&#8243; _module_preset=&#8221;default&#8221; min_height=&#8221;154px&#8221; custom_margin__hover_enabled=&#8221;off|desktop&#8221;]<\/p>\n<p>Mit navn er Marianne. Jeg v\u00e5gner om morgenen glad og forventningsfuld i m\u00f8det med tilv\u00e6relsen som terapeut og healer. Og som hustru og farmor. Hvor bev\u00e6ger livet sig hen i dag? Hvad kan jeg deltage i og bidrage med? Jeg er en pilgrim.<\/p>\n<p>Jeg har et kald \u2013 en opgave, som har v\u00e6ret min drivkraft siden min tidlige ungdom. Jeg leder efter det inderste i mennesker. Jeg er optaget af at st\u00f8tte enhver, der \u00f8nsker dybere kontakt med sin kerne og sin sj\u00e6l, og som dr\u00f8mmer om at fris\u00e6tte sin kraft, passion og k\u00e6rlighed.<\/p>\n<p>[\/et_pb_text][\/et_pb_column][et_pb_column type=&#8221;3_5&#8243; _builder_version=&#8221;4.9.2&#8243; _module_preset=&#8221;default&#8221;][et_pb_image src=&#8221;https:\/\/mariannemiravetsorribes.dk\/wp-content\/uploads\/2024\/02\/marianne-th.jpg&#8221; title_text=&#8221;marianne-th&#8221; _builder_version=&#8221;4.9.2&#8243; _module_preset=&#8221;default&#8221; custom_margin=&#8221;||0px|-10px|false|false&#8221; animation_style=&#8221;fade&#8221;][\/et_pb_image][\/et_pb_column][\/et_pb_row][et_pb_row column_structure=&#8221;1_4,3_4&#8243; _builder_version=&#8221;4.9.2&#8243; _module_preset=&#8221;default&#8221; hover_enabled=&#8221;0&#8243; custom_margin__hover_enabled=&#8221;on|desktop&#8221; sticky_enabled=&#8221;0&#8243;][et_pb_column type=&#8221;1_4&#8243; _builder_version=&#8221;4.9.2&#8243; _module_preset=&#8221;default&#8221;][et_pb_image src=&#8221;https:\/\/mariannemiravetsorribes.dk\/wp-content\/uploads\/2024\/02\/MMS-01381.jpg&#8221; title_text=&#8221;MMS-01381&#8243; _builder_version=&#8221;4.9.2&#8243; _module_preset=&#8221;default&#8221; animation_style=&#8221;fade&#8221;][\/et_pb_image][\/et_pb_column][et_pb_column type=&#8221;3_4&#8243; _builder_version=&#8221;4.9.2&#8243; _module_preset=&#8221;default&#8221;][et_pb_text _builder_version=&#8221;4.9.2&#8243; _module_preset=&#8221;default&#8221; text_font=&#8221;Macondo Swash Caps|700|||||||&#8221; text_text_color=&#8221;#E09900&#8243; text_font_size=&#8221;40px&#8221; text_line_height=&#8221;1.2em&#8221;]<\/p>\n<p>Hvem er jeg<\/p>\n<p>[\/et_pb_text][et_pb_text _builder_version=&#8221;4.9.2&#8243; _module_preset=&#8221;default&#8221; min_height=&#8221;154px&#8221; custom_margin=&#8221;-14px|||||&#8221;]<\/p>\n<p>Jeg hedder Marianne Miravet Sorribes. For 40 \u00e5r siden f\u00f8dte jeg som 22-\u00e5rig mit andet barn, og det \u00e5bnede mig fra det inderste af mit hjerte. Det fik mig til at se, at jeg havde et kald; at arbejde som healer og forl\u00f8ser og til at leve som en pilgrim i verden.<\/p>\n<p>Jeg har dedikeret mit liv til arbejdet med mennesker. Jeg arbejder b\u00e5de med enkeltpersoner, grupper, virksomheder og enkeltmandsfirmaer. Sessionerne bygger p\u00e5 mine 42 \u00e5rs erfaring som psykoterapeut, samt en forbindelse og forst\u00e5else af den guddommelige feminine energi gennem Maria Magdalene, \u00c6rkeenglene, healing og shamanisme.<span class=\"Apple-converted-space\">\u00a0<\/span><\/p>\n<p>Alt mit arbejde har til form\u00e5l at st\u00f8tte dig i at blive bedre til at lytte til dit eget dybere indre og lade dit hjerte vejlede dig. M\u00e5let er, at hj\u00e6lpe dig med at fris\u00e6tte dit fulde inderste potentiale.<span class=\"Apple-converted-space\">\u00a0<\/span><\/p>\n<p>Jeg arbejder med energier, og jeg viser, hvordan du kan finde svar og retning i dit liv, samt at der er hj\u00e6lp at hente i din indre spirituelle og \u00e5ndelige forbindelse til at overvinde udfordringer b\u00e5de i dit privatliv og i dit arbejdsliv.<span class=\"Apple-converted-space\">\u00a0<\/span><\/p>\n<p>Jeg arbejder i det indre K\u00f8benhavn, Jyllinge i Nordsj\u00e6lland og i Blokhus ved Vesterhavet, hvor jeg afholder kortere eller l\u00e6ngerevarende kurser samt workshops for b\u00e5de grupper og individer. Derudover holder jeg foredrag og workshops i hele landet for firmaer og foreninger.<span class=\"Apple-converted-space\">\u00a0<\/span><\/p>\n<p>[\/et_pb_text][\/et_pb_column][\/et_pb_row][et_pb_row _builder_version=&#8221;4.9.2&#8243; _module_preset=&#8221;default&#8221;][et_pb_column type=&#8221;4_4&#8243; _builder_version=&#8221;4.9.2&#8243; _module_preset=&#8221;default&#8221;][et_pb_cta title=&#8221;Skriv til mig&#8221; button_url=&#8221;mailto:marianne.miravet.sorribes@gmail.com&#8221; url_new_window=&#8221;on&#8221; button_text=&#8221;Send mail&#8221; _builder_version=&#8221;4.9.2&#8243; _module_preset=&#8221;default&#8221; background_color=&#8221;#518074&#8243; background_enable_image=&#8221;off&#8221;]<\/p>\n<p>Har du nogen sp\u00f8rgsm\u00e5l? T\u00f8v ikke med at kontakte mig.<\/p>\n<p>[\/et_pb_cta][\/et_pb_column][\/et_pb_row][\/et_pb_section]<\/p>\n","protected":false},"excerpt":{"rendered":"<p>[et_pb_section fb_built=&#8221;1&#8243; _builder_version=&#8221;4.9.2&#8243; _module_preset=&#8221;default&#8221; custom_padding=&#8221;||17px|||&#8221;][et_pb_row column_structure=&#8221;2_5,3_5&#8243; _builder_version=&#8221;4.9.2&#8243; _module_preset=&#8221;default&#8221; hover_enabled=&#8221;0&#8243; sticky_enabled=&#8221;0&#8243;][et_pb_column type=&#8221;2_5&#8243; _builder_version=&#8221;4.9.2&#8243; _module_preset=&#8221;default&#8221;][et_pb_text _builder_version=&#8221;4.9.2&#8243; _module_preset=&#8221;default&#8221; text_font=&#8221;Macondo Swash Caps|700|||||||&#8221; text_text_color=&#8221;#E09900&#8243; text_font_size=&#8221;40px&#8221; text_line_height=&#8221;1.2em&#8221;] Velkommen [\/et_pb_text][et_pb_text _builder_version=&#8221;4.9.2&#8243; _module_preset=&#8221;default&#8221; min_height=&#8221;154px&#8221; custom_margin__hover_enabled=&#8221;off|desktop&#8221;] Mit navn er Marianne. Jeg v\u00e5gner om morgenen glad og forventningsfuld i m\u00f8det med tilv\u00e6relsen som terapeut og healer. Og som hustru og farmor. Hvor bev\u00e6ger livet sig [&hellip;]<\/p>\n","protected":false},"author":1,"featured_media":0,"parent":0,"menu_order":1,"comment_status":"closed","ping_status":"closed","template":"","meta":{"_et_pb_use_builder":"on","_et_pb_old_content":"","_et_gb_content_width":"","inline_featured_image":false,"footnotes":""},"class_list":["post-20","page","type-page","status-publish","hentry"],"_links":{"self":[{"href":"https:\/\/mariannemiravetsorribes.dk\/index.php\/wp-json\/wp\/v2\/pages\/20","targetHints":{"allow":["GET"]}}],"collection":[{"href":"https:\/\/mariannemiravetsorribes.dk\/index.php\/wp-json\/wp\/v2\/pages"}],"about":[{"href":"https:\/\/mariannemiravetsorribes.dk\/index.php\/wp-json\/wp\/v2\/types\/page"}],"author":[{"embeddable":true,"href":"https:\/\/mariannemiravetsorribes.dk\/index.php\/wp-json\/wp\/v2\/users\/1"}],"replies":[{"embeddable":true,"href":"https:\/\/mariannemiravetsorribes.dk\/index.php\/wp-json\/wp\/v2\/comments?post=20"}],"version-history":[{"count":29,"href":"https:\/\/mariannemiravetsorribes.dk\/index.php\/wp-json\/wp\/v2\/pages\/20\/revisions"}],"predecessor-version":[{"id":888,"href":"https:\/\/mariannemiravetsorribes.dk\/index.php\/wp-json\/wp\/v2\/pages\/20\/revisions\/888"}],"wp:attachment":[{"href":"https:\/\/mariannemiravetsorribes.dk\/index.php\/wp-json\/wp\/v2\/media?parent=20"}],"curies":[{"name":"wp","href":"https:\/\/api.w.org\/{rel}","templated":true}]}}