{"id":548,"date":"2022-10-19T19:40:40","date_gmt":"2022-10-19T19:40:40","guid":{"rendered":"http:\/\/mariannemiravetsorribes.dk\/?page_id=548"},"modified":"2022-10-19T20:55:49","modified_gmt":"2022-10-19T20:55:49","slug":"mit-morgen-ritual","status":"publish","type":"page","link":"https:\/\/mariannemiravetsorribes.dk\/index.php\/det-jeg-tilbyder\/mit-morgen-ritual\/","title":{"rendered":"Mit morgen ritual"},"content":{"rendered":"<p>[et_pb_section fb_built=&#8221;1&#8243; _builder_version=&#8221;4.9.2&#8243; _module_preset=&#8221;default&#8221; custom_padding=&#8221;||0px||false|false&#8221;][et_pb_row column_structure=&#8221;2_3,1_3&#8243; _builder_version=&#8221;4.9.2&#8243; _module_preset=&#8221;default&#8221; min_height=&#8221;149.7px&#8221; custom_padding=&#8221;0px||||false|false&#8221;][et_pb_column type=&#8221;2_3&#8243; _builder_version=&#8221;4.9.2&#8243; _module_preset=&#8221;default&#8221;][et_pb_text _builder_version=&#8221;4.9.2&#8243; _module_preset=&#8221;default&#8221; text_font=&#8221;Macondo Swash Caps|700|||||||&#8221; text_text_color=&#8221;#E09900&#8243; text_font_size=&#8221;40px&#8221; text_line_height=&#8221;1.2em&#8221;]<\/p>\n<p><span>Mit daglige morgenritual<\/span><\/p>\n<p>[\/et_pb_text][et_pb_text _builder_version=&#8221;4.9.2&#8243; _module_preset=&#8221;default&#8221; min_height=&#8221;154px&#8221; custom_margin=&#8221;-14px|||||&#8221;]<\/p>\n<p><span>Jeg begynder altid min dag med at kigge i min kalender og sende god energi til dagens aktiviteter. Jeg har v\u00e6nnet mig til at aktivere min indre energi ved hj\u00e6lp af krops\u00f8velser, visualiseringer, meditation og b\u00f8n. <\/span><\/p>\n<p><span>Mit hjerte ser jeg som et brudekammer, hvor jeg kan s\u00f8ge min indre feminine kraft og forene den med min maskuline handlekraft. Jeg ved, at mit hjerte er meget f\u00f8lsomt. Det opfanger mange nuancer og signaler b\u00e5de fra den usynlige og den synlige verden. Jeg pr\u00f8ver at m\u00f8de alle impulser fra omverdenen med en klar afgr\u00e6nsning. Jeg g\u00f8r mig umage for at m\u00e6rke, hvad der er mit, og hvad der h\u00f8rer andre til. Mit hjerte er min indre healer, og det giver mig ofte fornemmelser og forudanelser. Jeg ved, at hvis jeg er tr\u00e6t eller ked af det, kan mine sansninger v\u00e6re pr\u00e6get af det. S\u00e5 mine dage starter altid tidligt med et indre m\u00f8de med mig selv, hvor jeg m\u00e6rker min energi og tr\u00e6kker vejret gennem mit hjerte. <\/span><\/p>\n<p><span>Jeg bruger altid b\u00f8n. Jeg sidder gerne foran mit alter og g\u00e5r ind i en meditativ fordybelse, hvor jeg beder Maria Magdalene om at vise mig, om der er noget s\u00e6rligt, jeg skal v\u00e6re opm\u00e6rksom p\u00e5. <\/span><\/p>\n<p><span>Et andet fast morgenritual er at sende energi ud i verden, og til allersidst sender jeg lys til mine b\u00f8rn og b\u00f8rneb\u00f8rn, min mand, hele familien og alt levende i verden. Det giver mig en f\u00f8lelse af f\u00e6llesskab med alt liv. Jeg tror, det g\u00f8r en forskel, hvis mange mennesker sender lys ud i verden.<\/span><\/p>\n<p>[\/et_pb_text][\/et_pb_column][et_pb_column type=&#8221;1_3&#8243; _builder_version=&#8221;4.9.2&#8243; _module_preset=&#8221;default&#8221;][et_pb_image src=&#8221;https:\/\/mariannemiravetsorribes.dk\/wp-content\/uploads\/2022\/10\/alter-2.jpg&#8221; title_text=&#8221;alter-2&#8243; _builder_version=&#8221;4.9.2&#8243; _module_preset=&#8221;default&#8221; hover_enabled=&#8221;0&#8243; sticky_enabled=&#8221;0&#8243;][\/et_pb_image][et_pb_image src=&#8221;https:\/\/mariannemiravetsorribes.dk\/wp-content\/uploads\/2022\/10\/Dit-aabne-hjerte.jpg&#8221; title_text=&#8221;Dit-\u00e5bne-hjerte&#8221; _builder_version=&#8221;4.9.2&#8243; _module_preset=&#8221;default&#8221; hover_enabled=&#8221;0&#8243; sticky_enabled=&#8221;0&#8243; animation_style=&#8221;zoom&#8221;][\/et_pb_image][\/et_pb_column][\/et_pb_row][et_pb_row _builder_version=&#8221;4.9.2&#8243; _module_preset=&#8221;default&#8221;][et_pb_column type=&#8221;4_4&#8243; _builder_version=&#8221;4.9.2&#8243; _module_preset=&#8221;default&#8221;][et_pb_cta title=&#8221;Skriv til mig&#8221; button_url=&#8221;mailto:marianne.miravet.sorribes@gmail.com&#8221; url_new_window=&#8221;on&#8221; button_text=&#8221;Send mail&#8221; _builder_version=&#8221;4.9.2&#8243; _module_preset=&#8221;default&#8221; background_color=&#8221;#518074&#8243; background_enable_image=&#8221;off&#8221; hover_enabled=&#8221;0&#8243; sticky_enabled=&#8221;0&#8243;]<\/p>\n<p><span>Har du nogen sp\u00f8rgsm\u00e5l? T\u00f8v ikke med at kontakte mig.<\/span><\/p>\n<p>[\/et_pb_cta][\/et_pb_column][\/et_pb_row][\/et_pb_section]<\/p>\n","protected":false},"excerpt":{"rendered":"<p>[et_pb_section fb_built=&#8221;1&#8243; _builder_version=&#8221;4.9.2&#8243; _module_preset=&#8221;default&#8221; custom_padding=&#8221;||0px||false|false&#8221;][et_pb_row column_structure=&#8221;2_3,1_3&#8243; _builder_version=&#8221;4.9.2&#8243; _module_preset=&#8221;default&#8221; min_height=&#8221;149.7px&#8221; custom_padding=&#8221;0px||||false|false&#8221;][et_pb_column type=&#8221;2_3&#8243; _builder_version=&#8221;4.9.2&#8243; _module_preset=&#8221;default&#8221;][et_pb_text _builder_version=&#8221;4.9.2&#8243; _module_preset=&#8221;default&#8221; text_font=&#8221;Macondo Swash Caps|700|||||||&#8221; text_text_color=&#8221;#E09900&#8243; text_font_size=&#8221;40px&#8221; text_line_height=&#8221;1.2em&#8221;] Mit daglige morgenritual [\/et_pb_text][et_pb_text _builder_version=&#8221;4.9.2&#8243; _module_preset=&#8221;default&#8221; min_height=&#8221;154px&#8221; custom_margin=&#8221;-14px|||||&#8221;] Jeg begynder altid min dag med at kigge i min kalender og sende god energi til dagens aktiviteter. Jeg har v\u00e6nnet mig til at aktivere min [&hellip;]<\/p>\n","protected":false},"author":1,"featured_media":0,"parent":34,"menu_order":0,"comment_status":"closed","ping_status":"closed","template":"","meta":{"_et_pb_use_builder":"on","_et_pb_old_content":"","_et_gb_content_width":"","inline_featured_image":false,"footnotes":""},"class_list":["post-548","page","type-page","status-publish","hentry"],"_links":{"self":[{"href":"https:\/\/mariannemiravetsorribes.dk\/index.php\/wp-json\/wp\/v2\/pages\/548","targetHints":{"allow":["GET"]}}],"collection":[{"href":"https:\/\/mariannemiravetsorribes.dk\/index.php\/wp-json\/wp\/v2\/pages"}],"about":[{"href":"https:\/\/mariannemiravetsorribes.dk\/index.php\/wp-json\/wp\/v2\/types\/page"}],"author":[{"embeddable":true,"href":"https:\/\/mariannemiravetsorribes.dk\/index.php\/wp-json\/wp\/v2\/users\/1"}],"replies":[{"embeddable":true,"href":"https:\/\/mariannemiravetsorribes.dk\/index.php\/wp-json\/wp\/v2\/comments?post=548"}],"version-history":[{"count":11,"href":"https:\/\/mariannemiravetsorribes.dk\/index.php\/wp-json\/wp\/v2\/pages\/548\/revisions"}],"predecessor-version":[{"id":570,"href":"https:\/\/mariannemiravetsorribes.dk\/index.php\/wp-json\/wp\/v2\/pages\/548\/revisions\/570"}],"up":[{"embeddable":true,"href":"https:\/\/mariannemiravetsorribes.dk\/index.php\/wp-json\/wp\/v2\/pages\/34"}],"wp:attachment":[{"href":"https:\/\/mariannemiravetsorribes.dk\/index.php\/wp-json\/wp\/v2\/media?parent=548"}],"curies":[{"name":"wp","href":"https:\/\/api.w.org\/{rel}","templated":true}]}}