{"id":59,"date":"2022-05-02T22:26:41","date_gmt":"2022-05-02T22:26:41","guid":{"rendered":"http:\/\/mariannemiravetsorribes.dk\/?page_id=59"},"modified":"2022-10-19T19:37:50","modified_gmt":"2022-10-19T19:37:50","slug":"gruppeceremonier","status":"publish","type":"page","link":"https:\/\/mariannemiravetsorribes.dk\/index.php\/det-jeg-tilbyder\/gruppeceremonier\/","title":{"rendered":"Gruppeceremonier"},"content":{"rendered":"<p>[et_pb_section fb_built=&#8221;1&#8243; _builder_version=&#8221;4.9.2&#8243; _module_preset=&#8221;default&#8221; custom_padding=&#8221;||17px|||&#8221;][et_pb_row column_structure=&#8221;3_5,2_5&#8243; _builder_version=&#8221;4.9.2&#8243; _module_preset=&#8221;default&#8221; custom_margin=&#8221;-35px||0px||false|false&#8221;][et_pb_column type=&#8221;3_5&#8243; _builder_version=&#8221;4.9.2&#8243; _module_preset=&#8221;default&#8221;][et_pb_text _builder_version=&#8221;4.9.2&#8243; _module_preset=&#8221;default&#8221; text_font=&#8221;Macondo Swash Caps|700|||||||&#8221; text_text_color=&#8221;#E09900&#8243; text_font_size=&#8221;40px&#8221; text_line_height=&#8221;1.2em&#8221;]<\/p>\n<p>Gruppeceremonier<\/p>\n<p>[\/et_pb_text][et_pb_text _builder_version=&#8221;4.9.2&#8243; _module_preset=&#8221;default&#8221; min_height=&#8221;154px&#8221; custom_margin=&#8221;-14px|||||&#8221; hover_enabled=&#8221;0&#8243; sticky_enabled=&#8221;0&#8243;]<\/p>\n<p>Jeg afholder j\u00e6vnligt gruppeceremonier, som har til form\u00e5l at l\u00f8fte energien hos den enkelte og kollektivt. Noget af det bedste du kan g\u00f8re for dig selv, er, at deltage i grupper der har et spirituelt fokus. Din iboende spiritualitet vil v\u00e5gne og det vil du kunne f\u00f8le i dit indre, som en lysende energi du kan kontakte. Dit indre arbejde har en stor fordel af at meditere i en gruppe. Her er form\u00e5let, at l\u00f8fte energien b\u00e5de i din krop og i din aura. Du f\u00e5r aktiveret dit inderste lys fra hjertet.<\/p>\n<p>Sidder du dag efter dag i din egen stue og mediterer skal du selv finde kraften til skabe forbindelsen med den \u00e5ndelige frekvens af lys. Deltager du i en gruppemeditation eller ceremoni, vil synergieffekten g\u00f8re, at stemningen bliver lettere og h\u00f8jt vibrerende.<span class=\"Apple-converted-space\">\u00a0<\/span><\/p>\n<p>Jeg tilbyder j\u00e6vnligt forskellige former for gruppeaktiviteter<span class=\"Apple-converted-space\">\u00a0<\/span><\/p>\n<p>F\u00f8lg med De Ni Porte &#8211; p\u00e5 FB, Insta, nyhedsbrev.<\/p>\n<p>&nbsp;<\/p>\n<p><strong>Private gruppeceremonier<\/strong><\/p>\n<p>Du kan bestille private ceremonier der markerer overgange som:<\/p>\n<ul>\n<li>F\u00f8dsel<\/li>\n<li>D\u00e5b<\/li>\n<li>Konfirmation, bryllup, begravelse<\/li>\n<li>Runde f\u00f8dselsdag<\/li>\n<li>Hus indvielser<\/li>\n<li>Med mere<\/li>\n<\/ul>\n<p>Alle former for overgange indeb\u00e6rer et skift som med fordel kan markeres med en ceremoni. Du skal slippe noget gammelt og det nye skal have plads. Du kan v\u00e6lge at invitere f\u00e5 deltagere eller hele familien. Du kan bestille det som en unik event til din s\u00e6rlige dag.<span class=\"Apple-converted-space\">\u00a0<\/span><\/p>\n<p><span class=\"Apple-converted-space\">Kontakt mig for et indledende m\u00f8de p\u00e5 tlf. <span>22 40 66 83 eller send en mail og h\u00f8r n\u00e6rmere om mulighederne.<\/span><\/span><\/p>\n<p>[\/et_pb_text][\/et_pb_column][et_pb_column type=&#8221;2_5&#8243; _builder_version=&#8221;4.9.2&#8243; _module_preset=&#8221;default&#8221;][et_pb_image src=&#8221;https:\/\/mariannemiravetsorribes.dk\/wp-content\/uploads\/2022\/10\/Gruppecermonier-B.jpg&#8221; title_text=&#8221;Gruppecermonier-B&#8221; _builder_version=&#8221;4.9.2&#8243; _module_preset=&#8221;default&#8221;][\/et_pb_image][\/et_pb_column][\/et_pb_row][et_pb_row _builder_version=&#8221;4.9.2&#8243; _module_preset=&#8221;default&#8221;][et_pb_column type=&#8221;4_4&#8243; _builder_version=&#8221;4.9.2&#8243; _module_preset=&#8221;default&#8221;][et_pb_cta title=&#8221;Skriv til mig&#8221; button_url=&#8221;mailto:marianne.miravet.sorribes@gmail.com&#8221; url_new_window=&#8221;on&#8221; button_text=&#8221;Send mail&#8221; _builder_version=&#8221;4.9.2&#8243; _module_preset=&#8221;default&#8221; background_color=&#8221;#518074&#8243; background_enable_image=&#8221;off&#8221; hover_enabled=&#8221;0&#8243; sticky_enabled=&#8221;0&#8243;]<\/p>\n<p>Kontakt mig for et indledende m\u00f8de.<\/p>\n<p>[\/et_pb_cta][\/et_pb_column][\/et_pb_row][\/et_pb_section]<\/p>\n","protected":false},"excerpt":{"rendered":"<p>[et_pb_section fb_built=&#8221;1&#8243; _builder_version=&#8221;4.9.2&#8243; _module_preset=&#8221;default&#8221; custom_padding=&#8221;||17px|||&#8221;][et_pb_row column_structure=&#8221;3_5,2_5&#8243; _builder_version=&#8221;4.9.2&#8243; _module_preset=&#8221;default&#8221; custom_margin=&#8221;-35px||0px||false|false&#8221;][et_pb_column type=&#8221;3_5&#8243; _builder_version=&#8221;4.9.2&#8243; _module_preset=&#8221;default&#8221;][et_pb_text _builder_version=&#8221;4.9.2&#8243; _module_preset=&#8221;default&#8221; text_font=&#8221;Macondo Swash Caps|700|||||||&#8221; text_text_color=&#8221;#E09900&#8243; text_font_size=&#8221;40px&#8221; text_line_height=&#8221;1.2em&#8221;] Gruppeceremonier [\/et_pb_text][et_pb_text _builder_version=&#8221;4.9.2&#8243; _module_preset=&#8221;default&#8221; min_height=&#8221;154px&#8221; custom_margin=&#8221;-14px|||||&#8221; hover_enabled=&#8221;0&#8243; sticky_enabled=&#8221;0&#8243;] Jeg afholder j\u00e6vnligt gruppeceremonier, som har til form\u00e5l at l\u00f8fte energien hos den enkelte og kollektivt. Noget af det bedste du kan g\u00f8re for dig selv, er, [&hellip;]<\/p>\n","protected":false},"author":1,"featured_media":0,"parent":34,"menu_order":2,"comment_status":"closed","ping_status":"closed","template":"","meta":{"_et_pb_use_builder":"on","_et_pb_old_content":"","_et_gb_content_width":"","inline_featured_image":false,"footnotes":""},"class_list":["post-59","page","type-page","status-publish","hentry"],"_links":{"self":[{"href":"https:\/\/mariannemiravetsorribes.dk\/index.php\/wp-json\/wp\/v2\/pages\/59","targetHints":{"allow":["GET"]}}],"collection":[{"href":"https:\/\/mariannemiravetsorribes.dk\/index.php\/wp-json\/wp\/v2\/pages"}],"about":[{"href":"https:\/\/mariannemiravetsorribes.dk\/index.php\/wp-json\/wp\/v2\/types\/page"}],"author":[{"embeddable":true,"href":"https:\/\/mariannemiravetsorribes.dk\/index.php\/wp-json\/wp\/v2\/users\/1"}],"replies":[{"embeddable":true,"href":"https:\/\/mariannemiravetsorribes.dk\/index.php\/wp-json\/wp\/v2\/comments?post=59"}],"version-history":[{"count":27,"href":"https:\/\/mariannemiravetsorribes.dk\/index.php\/wp-json\/wp\/v2\/pages\/59\/revisions"}],"predecessor-version":[{"id":546,"href":"https:\/\/mariannemiravetsorribes.dk\/index.php\/wp-json\/wp\/v2\/pages\/59\/revisions\/546"}],"up":[{"embeddable":true,"href":"https:\/\/mariannemiravetsorribes.dk\/index.php\/wp-json\/wp\/v2\/pages\/34"}],"wp:attachment":[{"href":"https:\/\/mariannemiravetsorribes.dk\/index.php\/wp-json\/wp\/v2\/media?parent=59"}],"curies":[{"name":"wp","href":"https:\/\/api.w.org\/{rel}","templated":true}]}}