{"id":631,"date":"2023-01-02T21:37:25","date_gmt":"2023-01-02T21:37:25","guid":{"rendered":"http:\/\/mariannemiravetsorribes.dk\/?page_id=631"},"modified":"2023-02-25T16:41:47","modified_gmt":"2023-02-25T16:41:47","slug":"retreats","status":"publish","type":"page","link":"https:\/\/mariannemiravetsorribes.dk\/index.php\/det-jeg-tilbyder\/retreats\/","title":{"rendered":"Retreats"},"content":{"rendered":"<p>[et_pb_section fb_built=&#8221;1&#8243; _builder_version=&#8221;4.9.2&#8243; _module_preset=&#8221;default&#8221; custom_padding=&#8221;||17px|||&#8221;][et_pb_row column_structure=&#8221;3_5,2_5&#8243; _builder_version=&#8221;4.9.2&#8243; _module_preset=&#8221;default&#8221; min_height=&#8221;444px&#8221; custom_margin=&#8221;-35px|auto|3px|auto||&#8221;][et_pb_column type=&#8221;3_5&#8243; _builder_version=&#8221;4.9.2&#8243; _module_preset=&#8221;default&#8221;][et_pb_text _builder_version=&#8221;4.9.2&#8243; _module_preset=&#8221;default&#8221; text_font=&#8221;Macondo Swash Caps|700|||||||&#8221; text_text_color=&#8221;#E09900&#8243; text_font_size=&#8221;40px&#8221; text_line_height=&#8221;1.2em&#8221;]<\/p>\n<p><a href=\"Mystikerdage%20i%20Blokhus\">Mystikerdage i Blokhus<\/a><\/p>\n<p>[\/et_pb_text][et_pb_text _builder_version=&#8221;4.9.2&#8243; _module_preset=&#8221;default&#8221; min_height=&#8221;154px&#8221; custom_margin=&#8221;-14px|||||&#8221;]<\/p>\n<p>Tag p\u00e5 retreat 4 dage i Blokhus og giv dine inderste dr\u00f8mme lov at folde sig ud.<\/p>\n<p>Se datoer for kommende retreater <strong><a href=\"http:\/\/deniporte.dk\/retraeteblokhus\/\" target=\"_blank\" rel=\"noopener\" title=\"Retreate datoer\">her.<\/a><\/strong><\/p>\n<p><strong><\/strong><strong><\/strong>Tiden kalder p\u00e5 noget nyt i mange mennesker \u2013 p\u00e5 at vi arbejder dybt og dedikeret med os selv i vores indre, s\u00e5 vi bliver istand til at manifestere klart og tydeligt. Marianne Miravet Sorribes afholder 4 dages eksklusiv retreat, som igangs\u00e6tter og n\u00e6rer din personlige forandringsproces.<\/p>\n<p>Blot 200 m fra Vesterhavet, i Nordjyllands kraftfulde natur har Marianne Miravet Sorribes et vidunderligt hus, som er rammen for retreatet. Pirupshvarre ligger lige ved Blokhus, i et omr\u00e5de, der inviterer til stilhed og fordybelse.<\/p>\n<p>Nyere forskning viser, at 94 % af de mennesker, der s\u00e6tter sig et m\u00e5l, s\u00e6tter sig et m\u00e5l p\u00e5 det fysiske plan. P\u00e5 denne retreat ser vi indad. Du vil som deltager f\u00e5 konkrete, spirituelle redskaber til at forst\u00e5, opl\u00f8se og transformere det, som stopper dig. Du bliver bevidst medskaber af dit eget liv og kan g\u00e5 videre i dit nye liv med fornyet indsigt og kunnen. Tag med p\u00e5 retreaten og:<\/p>\n<ul>\n<li>Tag p\u00e5 en eksklusiv retreat i kraftfuld natur.<\/li>\n<li>Lav dybt, indre arbejde og fris\u00e6t dine indereste dr\u00f8mme til manifestation.<\/li>\n<li>Dediker 4 dage til dybt transformerende arbejde i dit indre.<\/li>\n<\/ul>\n<p><strong><br \/>I retreaten indg\u00e5r:<\/strong><span> Daglige gruppemeditationer, individuelle samtaler, dybe, transformerende ceremonier, mulighed for at arbejde kreativt med maling og farver, fokus p\u00e5 visioner og b\u00f8n, alt sammen i samspil med naturen.<\/span><strong><\/strong><\/p>\n<p><strong>Forberedelse:<\/strong> 14 dage inden retreatet modtager du en mail, hvor du vil blive bedt om at g\u00f8re rede for, hvor du er i dit liv, og hvad du \u00f8nsker at arbejde med i l\u00f8bet af de fire dage. Hvad kunne v\u00e6re et s\u00e6rligt fokus for netop dig? Og hvad kunne v\u00e6re det bedste, der kunne ske i l\u00f8bet af de fire dage for dig?<\/p>\n<p><strong>Praktisk:<\/strong> Medbring varmt og behageligt t\u00f8j til inde og ude. Hjemmesko, sengelinned, evt. badet\u00f8j og h\u00e5ndkl\u00e6der til eget brug.<\/p>\n<p>Ankomst: 1. dag kl. 14 til indkvartering og velkomst (kaffe og te) Afgang: 4. dag kl. 14.<\/p>\n<p><strong>Pris <\/strong>(OBS nye priser 2023)<strong>:<\/strong><br \/>Delev\u00e6relser 4.700 kr per person<br \/>Enkeltv\u00e6relser 5.500 kr per person<br \/>\u00c5ben hems 4.200 kr per person<\/p>\n<p>Huset har 2 delev\u00e6relser, 2 enkeltv\u00e6relser og en \u00e5ben hems. Prisen inkluderer overnatning og forplejning under retreaten, samt 3 dybdeg\u00e5ende individuelle samtaler.\u00a0 Max. 7 deltagere (reguleres ift. g\u00e6ldende corona-restriktioner).<\/p>\n<p>Kontakt mig p\u00e5 mail eller mobil 22 40 66 83 for at h\u00f8re mere.<\/p>\n<p>[\/et_pb_text][\/et_pb_column][et_pb_column type=&#8221;2_5&#8243; _builder_version=&#8221;4.9.2&#8243; _module_preset=&#8221;default&#8221;][et_pb_image src=&#8221;https:\/\/mariannemiravetsorribes.dk\/wp-content\/uploads\/2022\/10\/BRO_20210121_Marianne_M_Sorribes_694-e1664743969156.jpg&#8221; title_text=&#8221;BRO_20210121_Marianne_M_Sorribes_694&#8243; _builder_version=&#8221;4.9.2&#8243; _module_preset=&#8221;default&#8221; hover_enabled=&#8221;0&#8243; sticky_enabled=&#8221;0&#8243;][\/et_pb_image][et_pb_image src=&#8221;https:\/\/mariannemiravetsorribes.dk\/wp-content\/uploads\/2023\/02\/blokhus-hele-huset.jpg&#8221; title_text=&#8221;blokhus-hele-huset&#8221; _builder_version=&#8221;4.9.2&#8243; _module_preset=&#8221;default&#8221; hover_enabled=&#8221;0&#8243; sticky_enabled=&#8221;0&#8243;][\/et_pb_image][et_pb_image src=&#8221;https:\/\/mariannemiravetsorribes.dk\/wp-content\/uploads\/2023\/02\/blokhus-solnedgang.jpg&#8221; title_text=&#8221;blokhus-solnedgang&#8221; _builder_version=&#8221;4.9.2&#8243; _module_preset=&#8221;default&#8221; hover_enabled=&#8221;0&#8243; sticky_enabled=&#8221;0&#8243;][\/et_pb_image][\/et_pb_column][\/et_pb_row][et_pb_row _builder_version=&#8221;4.9.2&#8243; _module_preset=&#8221;default&#8221;][et_pb_column type=&#8221;4_4&#8243; _builder_version=&#8221;4.9.2&#8243; _module_preset=&#8221;default&#8221;][et_pb_cta title=&#8221;Skriv til mig&#8221; button_url=&#8221;mailto:marianne.miravet.sorribes@gmail.com&#8221; url_new_window=&#8221;on&#8221; button_text=&#8221;Send mail&#8221; _builder_version=&#8221;4.9.2&#8243; _module_preset=&#8221;default&#8221; background_color=&#8221;#518074&#8243; background_enable_image=&#8221;off&#8221;]<\/p>\n<p>Har du nogen sp\u00f8rgsm\u00e5l? T\u00f8v ikke med at kontakte mig.<\/p>\n<p>[\/et_pb_cta][\/et_pb_column][\/et_pb_row][\/et_pb_section]<\/p>\n","protected":false},"excerpt":{"rendered":"<p>[et_pb_section fb_built=&#8221;1&#8243; _builder_version=&#8221;4.9.2&#8243; _module_preset=&#8221;default&#8221; custom_padding=&#8221;||17px|||&#8221;][et_pb_row column_structure=&#8221;3_5,2_5&#8243; _builder_version=&#8221;4.9.2&#8243; _module_preset=&#8221;default&#8221; min_height=&#8221;444px&#8221; custom_margin=&#8221;-35px|auto|3px|auto||&#8221;][et_pb_column type=&#8221;3_5&#8243; _builder_version=&#8221;4.9.2&#8243; _module_preset=&#8221;default&#8221;][et_pb_text _builder_version=&#8221;4.9.2&#8243; _module_preset=&#8221;default&#8221; text_font=&#8221;Macondo Swash Caps|700|||||||&#8221; text_text_color=&#8221;#E09900&#8243; text_font_size=&#8221;40px&#8221; text_line_height=&#8221;1.2em&#8221;] Mystikerdage i Blokhus [\/et_pb_text][et_pb_text _builder_version=&#8221;4.9.2&#8243; _module_preset=&#8221;default&#8221; min_height=&#8221;154px&#8221; custom_margin=&#8221;-14px|||||&#8221;] Tag p\u00e5 retreat 4 dage i Blokhus og giv dine inderste dr\u00f8mme lov at folde sig ud. Se datoer for kommende retreater her. Tiden kalder p\u00e5 [&hellip;]<\/p>\n","protected":false},"author":1,"featured_media":0,"parent":34,"menu_order":6,"comment_status":"closed","ping_status":"closed","template":"","meta":{"_et_pb_use_builder":"on","_et_pb_old_content":"","_et_gb_content_width":"","inline_featured_image":false,"footnotes":""},"class_list":["post-631","page","type-page","status-publish","hentry"],"_links":{"self":[{"href":"https:\/\/mariannemiravetsorribes.dk\/index.php\/wp-json\/wp\/v2\/pages\/631","targetHints":{"allow":["GET"]}}],"collection":[{"href":"https:\/\/mariannemiravetsorribes.dk\/index.php\/wp-json\/wp\/v2\/pages"}],"about":[{"href":"https:\/\/mariannemiravetsorribes.dk\/index.php\/wp-json\/wp\/v2\/types\/page"}],"author":[{"embeddable":true,"href":"https:\/\/mariannemiravetsorribes.dk\/index.php\/wp-json\/wp\/v2\/users\/1"}],"replies":[{"embeddable":true,"href":"https:\/\/mariannemiravetsorribes.dk\/index.php\/wp-json\/wp\/v2\/comments?post=631"}],"version-history":[{"count":8,"href":"https:\/\/mariannemiravetsorribes.dk\/index.php\/wp-json\/wp\/v2\/pages\/631\/revisions"}],"predecessor-version":[{"id":671,"href":"https:\/\/mariannemiravetsorribes.dk\/index.php\/wp-json\/wp\/v2\/pages\/631\/revisions\/671"}],"up":[{"embeddable":true,"href":"https:\/\/mariannemiravetsorribes.dk\/index.php\/wp-json\/wp\/v2\/pages\/34"}],"wp:attachment":[{"href":"https:\/\/mariannemiravetsorribes.dk\/index.php\/wp-json\/wp\/v2\/media?parent=631"}],"curies":[{"name":"wp","href":"https:\/\/api.w.org\/{rel}","templated":true}]}}