{"id":685,"date":"2023-03-01T16:14:04","date_gmt":"2023-03-01T16:14:04","guid":{"rendered":"http:\/\/mariannemiravetsorribes.dk\/?page_id=685"},"modified":"2023-03-01T17:08:17","modified_gmt":"2023-03-01T17:08:17","slug":"de-ni-porte","status":"publish","type":"page","link":"https:\/\/mariannemiravetsorribes.dk\/index.php\/de-ni-porte\/","title":{"rendered":"De Ni Porte"},"content":{"rendered":"<p>[et_pb_section fb_built=&#8221;1&#8243; _builder_version=&#8221;4.9.2&#8243; _module_preset=&#8221;default&#8221; custom_padding=&#8221;||17px|||&#8221;][et_pb_row column_structure=&#8221;2_3,1_3&#8243; _builder_version=&#8221;4.9.2&#8243; _module_preset=&#8221;default&#8221; min_height=&#8221;444px&#8221; custom_margin=&#8221;-35px|auto|3px|auto||&#8221; hover_enabled=&#8221;0&#8243; sticky_enabled=&#8221;0&#8243;][et_pb_column type=&#8221;2_3&#8243; _builder_version=&#8221;4.9.2&#8243; _module_preset=&#8221;default&#8221;][et_pb_text _builder_version=&#8221;4.9.2&#8243; _module_preset=&#8221;default&#8221; text_font=&#8221;Macondo Swash Caps|700|||||||&#8221; text_text_color=&#8221;#E09900&#8243; text_font_size=&#8221;40px&#8221; text_line_height=&#8221;1.2em&#8221;]<\/p>\n<p>De Ni Porte<\/p>\n<p>[\/et_pb_text][et_pb_text _builder_version=&#8221;4.9.2&#8243; _module_preset=&#8221;default&#8221; min_height=&#8221;154px&#8221; custom_margin=&#8221;-14px|||||&#8221; custom_padding=&#8221;||0px|||&#8221; hover_enabled=&#8221;0&#8243; sticky_enabled=&#8221;0&#8243;]<\/p>\n<p>I 2017 grundlagde jeg det spirituelle institut De Ni Porte i forbindelse med udgivelsen af min f\u00f8rste bog <em>Maria Magdalene og de ni portes visdom<\/em>.<\/p>\n<p>Vi \u00f8nsker at v\u00e6re et sted, der tilbyder inspiration og n\u00e6ring til din daglige praksis. De Ni Portes arbejde hviler p\u00e5, at indre arbejde \u00e5bner hjertet. \u201dPorte\u201d er navne p\u00e5 de indgange, som findes til indre arbejde inspireret af Maria Magdalene. Vi har mange forskellige bud p\u00e5 hvordan du kan g\u00f8re den visdom, der er en Maria Magdalenes evangelie tilg\u00e6ngelig i din egen praksis, lige til at bruge i din hverdag, s\u00e5 den bliver en levende del af dit liv.<\/p>\n<p>Det er v\u00e6sentligt for os at g\u00f8re den visdom, vi ser Maria Magdalene som b\u00e6reren af, tilg\u00e6ngelig for alle, som den kalder p\u00e5. Derfor g\u00f8r vi os umage for, at du selv p\u00e5 en enkel og nem m\u00e5de kan opleve den feminine guddommelige energi, Maria Magdalene st\u00e5r for.<\/p>\n<p>Meditation, ceremoniarbejde, healing, spirituel fordybelse, uddannelse, kurser og foredrags, retreats, litteratur, musik, pilgrimsrejser er nogle af de mange ting du kan m\u00f8de p\u00e5 De Ni Porte.<\/p>\n<p>L\u00e6s meget p\u00e5 De Ni Portes egen hjemmeside <strong><a href=\"http:\/\/www.deniporte.dk\" target=\"_blank\" rel=\"noopener\" title=\"De Ni Porte\">www.deniporte.dk<\/a><\/strong><\/p>\n<p>[\/et_pb_text][\/et_pb_column][et_pb_column type=&#8221;1_3&#8243; _builder_version=&#8221;4.9.2&#8243; _module_preset=&#8221;default&#8221;][et_pb_image src=&#8221;https:\/\/mariannemiravetsorribes.dk\/wp-content\/uploads\/2023\/03\/Guddommelig-hjerte-orange.gif&#8221; title_text=&#8221;Guddommelig-hjerte-orange&#8221; _builder_version=&#8221;4.9.2&#8243; _module_preset=&#8221;default&#8221; animation_style=&#8221;zoom&#8221;][\/et_pb_image][\/et_pb_column][\/et_pb_row][et_pb_row _builder_version=&#8221;4.9.2&#8243; _module_preset=&#8221;default&#8221;][et_pb_column type=&#8221;4_4&#8243; _builder_version=&#8221;4.9.2&#8243; _module_preset=&#8221;default&#8221;][et_pb_cta title=&#8221;Skriv til mig&#8221; button_url=&#8221;mailto:marianne.miravet.sorribes@gmail.com&#8221; url_new_window=&#8221;on&#8221; button_text=&#8221;Send mail&#8221; _builder_version=&#8221;4.9.2&#8243; _module_preset=&#8221;default&#8221; background_color=&#8221;#518074&#8243; background_enable_image=&#8221;off&#8221;]<\/p>\n<p>Har du nogen sp\u00f8rgsm\u00e5l? T\u00f8v ikke med at kontakte mig.<\/p>\n<p>[\/et_pb_cta][\/et_pb_column][\/et_pb_row][\/et_pb_section]<\/p>\n","protected":false},"excerpt":{"rendered":"<p>[et_pb_section fb_built=&#8221;1&#8243; _builder_version=&#8221;4.9.2&#8243; _module_preset=&#8221;default&#8221; custom_padding=&#8221;||17px|||&#8221;][et_pb_row column_structure=&#8221;2_3,1_3&#8243; _builder_version=&#8221;4.9.2&#8243; _module_preset=&#8221;default&#8221; min_height=&#8221;444px&#8221; custom_margin=&#8221;-35px|auto|3px|auto||&#8221; hover_enabled=&#8221;0&#8243; sticky_enabled=&#8221;0&#8243;][et_pb_column type=&#8221;2_3&#8243; _builder_version=&#8221;4.9.2&#8243; _module_preset=&#8221;default&#8221;][et_pb_text _builder_version=&#8221;4.9.2&#8243; _module_preset=&#8221;default&#8221; text_font=&#8221;Macondo Swash Caps|700|||||||&#8221; text_text_color=&#8221;#E09900&#8243; text_font_size=&#8221;40px&#8221; text_line_height=&#8221;1.2em&#8221;] De Ni Porte [\/et_pb_text][et_pb_text _builder_version=&#8221;4.9.2&#8243; _module_preset=&#8221;default&#8221; min_height=&#8221;154px&#8221; custom_margin=&#8221;-14px|||||&#8221; custom_padding=&#8221;||0px|||&#8221; hover_enabled=&#8221;0&#8243; sticky_enabled=&#8221;0&#8243;] I 2017 grundlagde jeg det spirituelle institut De Ni Porte i forbindelse med udgivelsen af min f\u00f8rste bog Maria Magdalene og [&hellip;]<\/p>\n","protected":false},"author":1,"featured_media":0,"parent":0,"menu_order":4,"comment_status":"closed","ping_status":"closed","template":"","meta":{"_et_pb_use_builder":"on","_et_pb_old_content":"","_et_gb_content_width":"","inline_featured_image":false,"footnotes":""},"class_list":["post-685","page","type-page","status-publish","hentry"],"_links":{"self":[{"href":"https:\/\/mariannemiravetsorribes.dk\/index.php\/wp-json\/wp\/v2\/pages\/685","targetHints":{"allow":["GET"]}}],"collection":[{"href":"https:\/\/mariannemiravetsorribes.dk\/index.php\/wp-json\/wp\/v2\/pages"}],"about":[{"href":"https:\/\/mariannemiravetsorribes.dk\/index.php\/wp-json\/wp\/v2\/types\/page"}],"author":[{"embeddable":true,"href":"https:\/\/mariannemiravetsorribes.dk\/index.php\/wp-json\/wp\/v2\/users\/1"}],"replies":[{"embeddable":true,"href":"https:\/\/mariannemiravetsorribes.dk\/index.php\/wp-json\/wp\/v2\/comments?post=685"}],"version-history":[{"count":8,"href":"https:\/\/mariannemiravetsorribes.dk\/index.php\/wp-json\/wp\/v2\/pages\/685\/revisions"}],"predecessor-version":[{"id":701,"href":"https:\/\/mariannemiravetsorribes.dk\/index.php\/wp-json\/wp\/v2\/pages\/685\/revisions\/701"}],"wp:attachment":[{"href":"https:\/\/mariannemiravetsorribes.dk\/index.php\/wp-json\/wp\/v2\/media?parent=685"}],"curies":[{"name":"wp","href":"https:\/\/api.w.org\/{rel}","templated":true}]}}