{"id":705,"date":"2023-10-05T12:06:54","date_gmt":"2023-10-05T12:06:54","guid":{"rendered":"http:\/\/mariannemiravetsorribes.dk\/?page_id=705"},"modified":"2023-10-09T09:34:29","modified_gmt":"2023-10-09T09:34:29","slug":"blokhus","status":"publish","type":"page","link":"https:\/\/mariannemiravetsorribes.dk\/index.php\/blokhus\/","title":{"rendered":"Blokhus"},"content":{"rendered":"<p>[et_pb_section fb_built=&#8221;1&#8243; _builder_version=&#8221;4.9.2&#8243; _module_preset=&#8221;default&#8221; custom_padding=&#8221;||17px|||&#8221;][et_pb_row _builder_version=&#8221;4.9.2&#8243; _module_preset=&#8221;default&#8221;][et_pb_column type=&#8221;4_4&#8243; _builder_version=&#8221;4.9.2&#8243; _module_preset=&#8221;default&#8221;][et_pb_text _builder_version=&#8221;4.9.2&#8243; _module_preset=&#8221;default&#8221; text_font=&#8221;Macondo Swash Caps|700|||||||&#8221; text_text_color=&#8221;#E09900&#8243; text_font_size=&#8221;40px&#8221; text_line_height=&#8221;1.2em&#8221;]<\/p>\n<p style=\"text-align: center;\"><b class=\"\">&#8220;Fruen af Vandene&#8221; <\/b><b class=\"\">&#8211; dit fristed ved Vesterhavet<\/b><\/p>\n<p>[\/et_pb_text][\/et_pb_column][\/et_pb_row][et_pb_row column_structure=&#8221;1_2,1_2&#8243; _builder_version=&#8221;4.9.2&#8243; _module_preset=&#8221;default&#8221;][et_pb_column type=&#8221;1_2&#8243; _builder_version=&#8221;4.9.2&#8243; _module_preset=&#8221;default&#8221;][et_pb_image src=&#8221;https:\/\/mariannemiravetsorribes.dk\/wp-content\/uploads\/2023\/10\/BLOKHUS-Fruen-af-Vandene-e1696511996177.jpeg&#8221; title_text=&#8221;BLOKHUS &#8211; Fruen af Vandene&#8221; _builder_version=&#8221;4.9.2&#8243; _module_preset=&#8221;default&#8221;][\/et_pb_image][\/et_pb_column][et_pb_column type=&#8221;1_2&#8243; _builder_version=&#8221;4.9.2&#8243; _module_preset=&#8221;default&#8221;][et_pb_text _builder_version=&#8221;4.9.2&#8243; _module_preset=&#8221;default&#8221; hover_enabled=&#8221;0&#8243; sticky_enabled=&#8221;0&#8243;]<\/p>\n<div class=\"\">Har du lyst\u00a0til nogle dage i den flotte nordjyske natur med din cirkel eller spirituelle\u00a0gruppe, venner eller familie, s\u00e5\u00a0udlejer jeg &#8220;Fruen af Vandene&#8221;, mit\u00a0smukke str\u00e5t\u00e6kte hus v. Blokhus.<\/div>\n<div class=\"\"><br class=\"\" \/>Der er god plads i huset med flere sovev\u00e6relser, 2 badev\u00e6relser, mange hyggekroge og f\u00e6llesomr\u00e5der.<\/div>\n<div class=\"\"><br class=\"\" \/>F\u00f8lg linket til <a href=\"https:\/\/www.novasol.dk\/feriehuse\/danmark\/nordjylland\/blokhus\/feriehuse-blokhus-strand-a13061\" target=\"_blank\" rel=\"noopener\">Novasol<\/a>, hvor huset bliver pr\u00e6senteret grundigt, og du kan l\u00e6se om omr\u00e5det og det praktiske.<\/div>\n<div class=\"\"><\/div>\n<div class=\"\"><br class=\"\" \/>Kontakt mig\u00a0direkte p\u00e5 SMS eller mail, s\u00e5 aftaler vi n\u00e6rmere.<\/div>\n<div class=\"\"><\/div>\n<div class=\"\"><br class=\"\" \/>K\u00e6rlig hilsen<\/div>\n<div class=\"\">Marianne<\/div>\n<div class=\"\"><br class=\"\" \/><\/div>\n<div class=\"\">22 40 66 83<\/div>\n<div class=\"\"><a href=\"mailto:marianne@deniporte.dk\" class=\"\">marianne@deniporte.dk<\/a><\/div>\n<p>[\/et_pb_text][\/et_pb_column][\/et_pb_row][et_pb_row column_structure=&#8221;1_3,1_3,1_3&#8243; _builder_version=&#8221;4.9.2&#8243; _module_preset=&#8221;default&#8221;][et_pb_column type=&#8221;1_3&#8243; _builder_version=&#8221;4.9.2&#8243; _module_preset=&#8221;default&#8221;][et_pb_image src=&#8221;https:\/\/mariannemiravetsorribes.dk\/wp-content\/uploads\/2023\/10\/spisestue.jpg&#8221; title_text=&#8221;spisestue&#8221; _builder_version=&#8221;4.9.2&#8243; _module_preset=&#8221;default&#8221; width=&#8221;100%&#8221; max_width=&#8221;100%&#8221; custom_margin=&#8221;|-10px|||false|false&#8221; custom_padding=&#8221;|||0px|false|false&#8221; border_style_all=&#8221;none&#8221;][\/et_pb_image][et_pb_image src=&#8221;https:\/\/mariannemiravetsorribes.dk\/wp-content\/uploads\/2023\/10\/Hav-2.jpg&#8221; title_text=&#8221;Hav-2&#8243; _builder_version=&#8221;4.9.2&#8243; _module_preset=&#8221;default&#8221;][\/et_pb_image][\/et_pb_column][et_pb_column type=&#8221;1_3&#8243; _builder_version=&#8221;4.9.2&#8243; _module_preset=&#8221;default&#8221;][et_pb_image src=&#8221;https:\/\/mariannemiravetsorribes.dk\/wp-content\/uploads\/2023\/10\/baenk.jpg&#8221; title_text=&#8221;baenk&#8221; _builder_version=&#8221;4.9.2&#8243; _module_preset=&#8221;default&#8221;][\/et_pb_image][et_pb_image src=&#8221;https:\/\/mariannemiravetsorribes.dk\/wp-content\/uploads\/2023\/10\/fodder-i-sand.jpg&#8221; title_text=&#8221;fodder-i-sand&#8221; _builder_version=&#8221;4.9.2&#8243; _module_preset=&#8221;default&#8221;][\/et_pb_image][\/et_pb_column][et_pb_column type=&#8221;1_3&#8243; _builder_version=&#8221;4.9.2&#8243; _module_preset=&#8221;default&#8221;][et_pb_image src=&#8221;https:\/\/mariannemiravetsorribes.dk\/wp-content\/uploads\/2023\/10\/Solnedgang.jpg&#8221; title_text=&#8221;Solnedgang&#8221; _builder_version=&#8221;4.9.2&#8243; _module_preset=&#8221;default&#8221;][\/et_pb_image][et_pb_image src=&#8221;https:\/\/mariannemiravetsorribes.dk\/wp-content\/uploads\/2023\/02\/blokhus-solnedgang.jpg&#8221; title_text=&#8221;blokhus-solnedgang&#8221; align=&#8221;center&#8221; _builder_version=&#8221;4.9.2&#8243; _module_preset=&#8221;default&#8221; custom_padding=&#8221;|||0px|false|false&#8221;][\/et_pb_image][\/et_pb_column][\/et_pb_row][et_pb_row _builder_version=&#8221;4.9.2&#8243; _module_preset=&#8221;default&#8221;][et_pb_column type=&#8221;4_4&#8243; _builder_version=&#8221;4.9.2&#8243; _module_preset=&#8221;default&#8221;][et_pb_cta title=&#8221;Skriv til mig&#8221; button_url=&#8221;mailto:marianne.miravet.sorribes@gmail.com&#8221; url_new_window=&#8221;on&#8221; button_text=&#8221;Send mail&#8221; _builder_version=&#8221;4.9.2&#8243; _module_preset=&#8221;default&#8221; background_color=&#8221;#518074&#8243; background_enable_image=&#8221;off&#8221;]<\/p>\n<p>Har du nogen sp\u00f8rgsm\u00e5l? T\u00f8v ikke med at kontakte mig.<\/p>\n<p>[\/et_pb_cta][\/et_pb_column][\/et_pb_row][\/et_pb_section]<\/p>\n","protected":false},"excerpt":{"rendered":"<p>[et_pb_section fb_built=&#8221;1&#8243; _builder_version=&#8221;4.9.2&#8243; _module_preset=&#8221;default&#8221; custom_padding=&#8221;||17px|||&#8221;][et_pb_row _builder_version=&#8221;4.9.2&#8243; _module_preset=&#8221;default&#8221;][et_pb_column type=&#8221;4_4&#8243; _builder_version=&#8221;4.9.2&#8243; _module_preset=&#8221;default&#8221;][et_pb_text _builder_version=&#8221;4.9.2&#8243; _module_preset=&#8221;default&#8221; text_font=&#8221;Macondo Swash Caps|700|||||||&#8221; text_text_color=&#8221;#E09900&#8243; text_font_size=&#8221;40px&#8221; text_line_height=&#8221;1.2em&#8221;] &#8220;Fruen af Vandene&#8221; &#8211; dit fristed ved Vesterhavet [\/et_pb_text][\/et_pb_column][\/et_pb_row][et_pb_row column_structure=&#8221;1_2,1_2&#8243; _builder_version=&#8221;4.9.2&#8243; _module_preset=&#8221;default&#8221;][et_pb_column type=&#8221;1_2&#8243; _builder_version=&#8221;4.9.2&#8243; _module_preset=&#8221;default&#8221;][et_pb_image src=&#8221;https:\/\/mariannemiravetsorribes.dk\/wp-content\/uploads\/2023\/10\/BLOKHUS-Fruen-af-Vandene-e1696511996177.jpeg&#8221; title_text=&#8221;BLOKHUS &#8211; Fruen af Vandene&#8221; _builder_version=&#8221;4.9.2&#8243; _module_preset=&#8221;default&#8221;][\/et_pb_image][\/et_pb_column][et_pb_column type=&#8221;1_2&#8243; _builder_version=&#8221;4.9.2&#8243; _module_preset=&#8221;default&#8221;][et_pb_text _builder_version=&#8221;4.9.2&#8243; _module_preset=&#8221;default&#8221; hover_enabled=&#8221;0&#8243; sticky_enabled=&#8221;0&#8243;] Har du lyst\u00a0til nogle dage i den [&hellip;]<\/p>\n","protected":false},"author":1,"featured_media":0,"parent":0,"menu_order":0,"comment_status":"closed","ping_status":"closed","template":"","meta":{"_et_pb_use_builder":"on","_et_pb_old_content":"","_et_gb_content_width":"","inline_featured_image":false,"footnotes":""},"class_list":["post-705","page","type-page","status-publish","hentry"],"_links":{"self":[{"href":"https:\/\/mariannemiravetsorribes.dk\/index.php\/wp-json\/wp\/v2\/pages\/705","targetHints":{"allow":["GET"]}}],"collection":[{"href":"https:\/\/mariannemiravetsorribes.dk\/index.php\/wp-json\/wp\/v2\/pages"}],"about":[{"href":"https:\/\/mariannemiravetsorribes.dk\/index.php\/wp-json\/wp\/v2\/types\/page"}],"author":[{"embeddable":true,"href":"https:\/\/mariannemiravetsorribes.dk\/index.php\/wp-json\/wp\/v2\/users\/1"}],"replies":[{"embeddable":true,"href":"https:\/\/mariannemiravetsorribes.dk\/index.php\/wp-json\/wp\/v2\/comments?post=705"}],"version-history":[{"count":17,"href":"https:\/\/mariannemiravetsorribes.dk\/index.php\/wp-json\/wp\/v2\/pages\/705\/revisions"}],"predecessor-version":[{"id":751,"href":"https:\/\/mariannemiravetsorribes.dk\/index.php\/wp-json\/wp\/v2\/pages\/705\/revisions\/751"}],"wp:attachment":[{"href":"https:\/\/mariannemiravetsorribes.dk\/index.php\/wp-json\/wp\/v2\/media?parent=705"}],"curies":[{"name":"wp","href":"https:\/\/api.w.org\/{rel}","templated":true}]}}